{"id":38,"date":"2017-12-27T22:38:20","date_gmt":"2017-12-27T22:38:20","guid":{"rendered":"http:\/\/dukar.is\/?page_id=38"},"modified":"2023-04-14T22:21:05","modified_gmt":"2023-04-14T22:21:05","slug":"1-2","status":"publish","type":"page","link":"http:\/\/dukar.is\/?page_id=38","title":{"rendered":"Sagan"},"content":{"rendered":"\t\t<div data-elementor-type=\"wp-page\" data-elementor-id=\"38\" class=\"elementor elementor-38\" data-elementor-settings=\"[]\">\n\t\t\t\t\t\t<div class=\"elementor-inner\">\n\t\t\t\t\t\t\t<div class=\"elementor-section-wrap\">\n\t\t\t\t\t\t\t<section class=\"elementor-section elementor-top-section elementor-element elementor-element-2da8078 elementor-section-boxed elementor-section-height-default elementor-section-height-default\" data-id=\"2da8078\" data-element_type=\"section\">\n\t\t\t\t\t\t<div class=\"elementor-container elementor-column-gap-default\">\n\t\t\t\t\t\t\t<div class=\"elementor-row\">\n\t\t\t\t\t<div class=\"elementor-column elementor-col-100 elementor-top-column elementor-element elementor-element-3e16a41\" data-id=\"3e16a41\" data-element_type=\"column\">\n\t\t\t<div class=\"elementor-column-wrap elementor-element-populated\">\n\t\t\t\t\t\t\t<div class=\"elementor-widget-wrap\">\n\t\t\t\t\t\t<div class=\"elementor-element elementor-element-be35252 elementor-widget elementor-widget-text-editor\" data-id=\"be35252\" data-element_type=\"widget\" data-widget_type=\"text-editor.default\">\n\t\t\t\t<div class=\"elementor-widget-container\">\n\t\t\t\t\t<div class=\"elementor-text-editor elementor-clearfix\"><p>Adolfi Smith stofna\u00f0i \u00devottah\u00fas A. Smith \u00e1ri\u00f0 1946. Hann haf\u00f0i s\u00e9\u00f0 um kyndiklefann \u00e1 Landsp\u00edtalanum en s\u00fa vinna henta\u00f0i honum ekki. Adolf \u00e1kva\u00f0 \u00fev\u00ed a\u00f0 setja upp \u00fevottah\u00fas \u00feegar vinur hans benti honum \u00e1 n\u00fdlega innfluttar \u00fevottav\u00e9lar sem s\u00e1tu \u00e1 hafnarbakkanum vi\u00f0 Reykjav\u00edkurh\u00f6fn. Adolf \u00e1tti marga g\u00f3\u00f0a vini sem l\u00e1nu\u00f0u honum aur til a\u00f0 starta fyrirt\u00e6kinu. Reksturinn gekk vel og var A. Smith me\u00f0 h\u00e1tt \u00ed 20 starfsmenn \u00feegar mest l\u00e9t. \u00devottah\u00fasi\u00f0 \u00fevo\u00f0i allan \u00fevott fyrir t.d. H\u00f3tel S\u00f6gu, H\u00f3tel Hotel, Eimskip og m\u00f6rg fleiri fyrirt\u00e6ki \u00ed gegnum \u00e1rin. \u00devottah\u00fasi\u00f0 hefur alla t\u00ed\u00f0 veri\u00f0 sta\u00f0sett \u00ed kjallaranum \u00e1 Bergsta\u00f0astr\u00e6ti 52 alveg \u00feanga\u00f0 til n\u00fdlega. En n\u00faverandi sta\u00f0setning er vi\u00f0 Fiskisl\u00f3\u00f0 65.<\/p>\n<p>\u00cd gegnum \u00e1rin hefur A. Smith s\u00e9rh\u00e6ft sig \u00ed v\u00f6ndu\u00f0um vinnubr\u00f6g\u00f0um fyrir h\u00f3tel, einstaklinga, veitingasta\u00f0i, gistiheimili og alla \u00fe\u00e1 sem \u00feurfa a\u00f0 l\u00e1ta \u00fevo fyrir sig. S\u00e9rst\u00f6k \u00e1herslu er l\u00f6g\u00f0 \u00e1 d\u00faka og r\u00famf\u00f6t.<\/p>\n<p>Vi\u00f0 \u00fevoum einnig s\u00e6ngur, kodda, skyrtur, fatna\u00f0, svefnpoka, d\u00fax d\u00fdnur, tuskur, kokkaf\u00f6t, svuntur og allt anna\u00f0 sem m\u00e1 \u00fevo.<\/p>\n<p>Vi\u00f0 leigjum einnig h\u00e1g\u00e6\u00f0a d\u00faka \u00ed veislur og l\u00faxus l\u00edn til h\u00f3tela eftir n\u00e1nara samkomulagi.<\/p>\n<p><\/p><\/div>\n\t\t\t\t<\/div>\n\t\t\t\t<\/div>\n\t\t\t\t\t\t<\/div>\n\t\t\t\t\t<\/div>\n\t\t<\/div>\n\t\t\t\t\t\t\t\t<\/div>\n\t\t\t\t\t<\/div>\n\t\t<\/section>\n\t\t\t\t<section class=\"elementor-section elementor-top-section elementor-element elementor-element-51b5a0f elementor-section-boxed elementor-section-height-default elementor-section-height-default\" data-id=\"51b5a0f\" data-element_type=\"section\">\n\t\t\t\t\t\t<div class=\"elementor-container elementor-column-gap-default\">\n\t\t\t\t\t\t\t<div class=\"elementor-row\">\n\t\t\t\t\t<div class=\"elementor-column elementor-col-100 elementor-top-column elementor-element elementor-element-65867ea\" data-id=\"65867ea\" data-element_type=\"column\">\n\t\t\t<div class=\"elementor-column-wrap elementor-element-populated\">\n\t\t\t\t\t\t\t<div class=\"elementor-widget-wrap\">\n\t\t\t\t\t\t<div class=\"elementor-element elementor-element-90af3d3 elementor-widget elementor-widget-image\" data-id=\"90af3d3\" data-element_type=\"widget\" data-widget_type=\"image.default\">\n\t\t\t\t<div class=\"elementor-widget-container\">\n\t\t\t\t\t<div class=\"elementor-image\">\n\t\t\t\t\t\t\t\t\t\t<img width=\"1024\" height=\"682\" src=\"http:\/\/dukar.is\/wp-content\/uploads\/2017\/12\/DSC00381b-1024x682.jpg\" class=\"attachment-large size-large\" alt=\"\" loading=\"lazy\" srcset=\"http:\/\/dukar.is\/wp-content\/uploads\/2017\/12\/DSC00381b-1024x682.jpg 1024w, http:\/\/dukar.is\/wp-content\/uploads\/2017\/12\/DSC00381b-300x200.jpg 300w, http:\/\/dukar.is\/wp-content\/uploads\/2017\/12\/DSC00381b-930x620.jpg 930w, http:\/\/dukar.is\/wp-content\/uploads\/2017\/12\/DSC00381b-450x300.jpg 450w, http:\/\/dukar.is\/wp-content\/uploads\/2017\/12\/DSC00381b.jpg 1920w\" sizes=\"(max-width: 1024px) 100vw, 1024px\" \/>\t\t\t\t\t\t\t\t\t\t\t<\/div>\n\t\t\t\t<\/div>\n\t\t\t\t<\/div>\n\t\t\t\t\t\t<\/div>\n\t\t\t\t\t<\/div>\n\t\t<\/div>\n\t\t\t\t\t\t\t\t<\/div>\n\t\t\t\t\t<\/div>\n\t\t<\/section>\n\t\t\t\t\t\t<\/div>\n\t\t\t\t\t\t<\/div>\n\t\t\t\t\t<\/div>\n\t\t","protected":false},"excerpt":{"rendered":"<p>Adolfi Smith stofna\u00f0i \u00devottah\u00fas A. Smith \u00e1ri\u00f0 1946. Hann haf\u00f0i s\u00e9\u00f0 um kyndiklefann \u00e1 Landsp\u00edtalanum en s\u00fa vinna henta\u00f0i honum ekki. Adolf \u00e1kva\u00f0 \u00fev\u00ed a\u00f0 setja upp \u00fevottah\u00fas \u00feegar vinur hans benti honum \u00e1 n\u00fdlega innfluttar \u00fevottav\u00e9lar sem s\u00e1tu \u00e1 hafnarbakkanum vi\u00f0 Reykjav\u00edkurh\u00f6fn. Adolf \u00e1tti marga g\u00f3\u00f0a vini sem l\u00e1nu\u00f0u honum aur til a\u00f0 starta &hellip;<\/p>\n<p class=\"read-more\"> <a class=\"\" href=\"http:\/\/dukar.is\/?page_id=38\"> <span class=\"screen-reader-text\">Sagan<\/span> Read More &raquo;<\/a><\/p>\n","protected":false},"author":1,"featured_media":158,"parent":0,"menu_order":0,"comment_status":"closed","ping_status":"open","template":"","meta":[],"_links":{"self":[{"href":"http:\/\/dukar.is\/index.php?rest_route=\/wp\/v2\/pages\/38"}],"collection":[{"href":"http:\/\/dukar.is\/index.php?rest_route=\/wp\/v2\/pages"}],"about":[{"href":"http:\/\/dukar.is\/index.php?rest_route=\/wp\/v2\/types\/page"}],"author":[{"embeddable":true,"href":"http:\/\/dukar.is\/index.php?rest_route=\/wp\/v2\/users\/1"}],"replies":[{"embeddable":true,"href":"http:\/\/dukar.is\/index.php?rest_route=%2Fwp%2Fv2%2Fcomments&post=38"}],"version-history":[{"count":28,"href":"http:\/\/dukar.is\/index.php?rest_route=\/wp\/v2\/pages\/38\/revisions"}],"predecessor-version":[{"id":385,"href":"http:\/\/dukar.is\/index.php?rest_route=\/wp\/v2\/pages\/38\/revisions\/385"}],"wp:featuredmedia":[{"embeddable":true,"href":"http:\/\/dukar.is\/index.php?rest_route=\/wp\/v2\/media\/158"}],"wp:attachment":[{"href":"http:\/\/dukar.is\/index.php?rest_route=%2Fwp%2Fv2%2Fmedia&parent=38"}],"curies":[{"name":"wp","href":"https:\/\/api.w.org\/{rel}","templated":true}]}}