{"id":305,"date":"2020-10-21T11:47:56","date_gmt":"2020-10-21T11:47:56","guid":{"rendered":"http:\/\/dukar.is\/?page_id=305"},"modified":"2023-06-13T14:45:53","modified_gmt":"2023-06-13T14:45:53","slug":"elementor-305","status":"publish","type":"page","link":"http:\/\/dukar.is\/?page_id=305","title":{"rendered":"verdlisti thvottur"},"content":{"rendered":"\t\t<div data-elementor-type=\"wp-page\" data-elementor-id=\"305\" class=\"elementor elementor-305\" data-elementor-settings=\"[]\">\n\t\t\t\t\t\t<div class=\"elementor-inner\">\n\t\t\t\t\t\t\t<div class=\"elementor-section-wrap\">\n\t\t\t\t\t\t\t<section class=\"elementor-section elementor-top-section elementor-element elementor-element-c1571eb elementor-section-boxed elementor-section-height-default elementor-section-height-default\" data-id=\"c1571eb\" data-element_type=\"section\">\n\t\t\t\t\t\t<div class=\"elementor-container elementor-column-gap-default\">\n\t\t\t\t\t\t\t<div class=\"elementor-row\">\n\t\t\t\t\t<div class=\"elementor-column elementor-col-100 elementor-top-column elementor-element elementor-element-cd2a2a2\" data-id=\"cd2a2a2\" data-element_type=\"column\">\n\t\t\t<div class=\"elementor-column-wrap elementor-element-populated\">\n\t\t\t\t\t\t\t<div class=\"elementor-widget-wrap\">\n\t\t\t\t\t\t<div class=\"elementor-element elementor-element-6c62d15 elementor-widget elementor-widget-heading\" data-id=\"6c62d15\" data-element_type=\"widget\" data-widget_type=\"heading.default\">\n\t\t\t\t<div class=\"elementor-widget-container\">\n\t\t\t<h2 class=\"elementor-heading-title elementor-size-default\">Ver\u00f0listi \u00e1 \u00fevotti<\/h2>\t\t<\/div>\n\t\t\t\t<\/div>\n\t\t\t\t<div class=\"elementor-element elementor-element-9bd5cb2 elementor-widget elementor-widget-text-editor\" data-id=\"9bd5cb2\" data-element_type=\"widget\" data-widget_type=\"text-editor.default\">\n\t\t\t\t<div class=\"elementor-widget-container\">\n\t\t\t\t\t<div class=\"elementor-text-editor elementor-clearfix\"><table width=\"568\">\n<tbody>\n<tr>\n<td width=\"164\">\n<h3>\u00devottur<\/h3>\n<\/td>\n<td width=\"56\">ver\u00f0 1<\/td>\n<td width=\"58\">ver\u00f0 2<\/td>\n<td width=\"12\">&nbsp;<\/td>\n<td width=\"164\">\n<h3>\u00fevottur<\/h3>\n<\/td>\n<td width=\"57\">ver\u00f0 1<\/td>\n<td width=\"57\">ver\u00f0 2<\/td>\n<\/tr>\n<tr>\n<td colspan=\"3\"><b>Skyrtur<\/b><\/td>\n<td>&nbsp;<\/td>\n<td colspan=\"3\"><b>Heimilis\u00fevottur<\/b><\/td>\n<\/tr>\n<tr>\n<td>Vesti v\/Kj\u00f3lskyrtu<\/td>\n<td>1500<\/td>\n<td>&nbsp;<\/td>\n<td>&nbsp;<\/td>\n<td>Heimilis\u00fevottur 15+15<\/td>\n<td>9200<\/td>\n<td>&nbsp;<\/td>\n<\/tr>\n<tr>\n<td>Skyrta Her\u00f0atr\u00e9<\/td>\n<td>650<br><\/td>\n<td>&nbsp;<\/td>\n<td>&nbsp;<\/td>\n<td>Heimilis\u00fevottur 10+10<\/td>\n<td>8100<\/td>\n<td>&nbsp;<\/td>\n<\/tr>\n<tr>\n<td>Skyrta pakka\u00f0<\/td>\n<td>650<\/td>\n<td>&nbsp;<\/td>\n<td>&nbsp;<\/td>\n<td>Heimilis\u00fevottur 15<\/td>\n<td>7100<\/td>\n<td>&nbsp;<\/td>\n<\/tr>\n<tr>\n<td>Skyrta vinnu \u00feykk<\/td>\n<td>700<\/td>\n<td>&nbsp;<\/td>\n<td>&nbsp;<\/td>\n<td>St\u00f3r stykki umfram 30 stk<\/td>\n<td>390<\/td>\n<td>&nbsp;<\/td>\n<\/tr>\n<tr>\n<td>Skyrta kj\u00f3l<\/td>\n<td>1450<\/td>\n<td>&nbsp;<\/td>\n<td>&nbsp;<\/td>\n<td>L\u00edtil stykki umfram 30 stk<\/td>\n<td>290<\/td>\n<td>&nbsp;<\/td>\n<\/tr>\n<tr>\n<td>Sm\u00f3king skyrta<\/td>\n<td>1350<\/td>\n<td>&nbsp;<\/td>\n<td>&nbsp;<\/td>\n<td>Barna ver<\/td>\n<td>435<\/td>\n<td>&nbsp;<\/td>\n<\/tr>\n<tr>\n<td>Slaufur<\/td>\n<td>420<\/td>\n<td>&nbsp;<\/td>\n<td>&nbsp;<\/td>\n<td>Barna lak<\/td>\n<td>300<\/td>\n<td>&nbsp;<\/td>\n<\/tr>\n<tr>\n<td>Hanskar<\/td>\n<td>420<\/td>\n<td>&nbsp;<\/td>\n<td>&nbsp;<\/td>\n<td>S\u00e6ngurver (x-st\u00f3r)<\/td>\n<td>650<\/td>\n<td>810<\/td>\n<\/tr>\n<tr>\n<td>Skyrtu brj\u00f3st<\/td>\n<td>1500<\/td>\n<td>&nbsp;<\/td>\n<td>&nbsp;<\/td>\n<td>L\u00f6k frans, 600kr<\/td>\n<td>650<\/td>\n<td>750<\/td>\n<\/tr>\n<tr>\n<td colspan=\"3\">\n<h5><b>F\u00f6t<\/b><\/h5>\n<\/td>\n<td>&nbsp;<\/td>\n<td>Handkl\u00e6\u00f0i<\/td>\n<td>310<\/td>\n<td>&nbsp;<\/td>\n<\/tr>\n<tr>\n<td>Buxur pressa\u00f0ar<\/td>\n<td>1600<\/td>\n<td>&nbsp;<\/td>\n<td>&nbsp;<\/td>\n<td>Ba\u00f0handkl\u00e6\u00f0i<\/td>\n<td>410<\/td>\n<td>460<\/td>\n<\/tr>\n<tr>\n<td>Buxur \u00f3pressa\u00f0ar<\/td>\n<td>780<\/td>\n<td>&nbsp;<\/td>\n<td>&nbsp;<\/td>\n<td>X-st\u00f3r teygjul\u00f6k<\/td>\n<td>750<\/td>\n<td>1045<\/td>\n<\/tr>\n<tr>\n<td>Buxur me\u00f0 smekk<\/td>\n<td>1400<\/td>\n<td>&nbsp;<\/td>\n<td>&nbsp;<\/td>\n<td>D\u00faxd\u00fdnur<\/td>\n<td>7100<\/td>\n<td>9000<\/td>\n<\/tr>\n<tr>\n<td>Sokkabuxur<\/td>\n<td>440<\/td>\n<td>&nbsp;<\/td>\n<td>&nbsp;<\/td>\n<td>Yfird\u00fdnur<\/td>\n<td>3560<\/td>\n<td>7020<\/td>\n<\/tr>\n<tr>\n<td>Sokkar<\/td>\n<td>140<\/td>\n<td>180<\/td>\n<td>&nbsp;<\/td>\n<td>D\u00fans\u00e6ng<\/td>\n<td>4900<\/td>\n<td>&nbsp;<\/td>\n<\/tr>\n<tr>\n<td>N\u00e1ttf\u00f6t buxur + skyrta<\/td>\n<td>1100<\/td>\n<td>&nbsp;<\/td>\n<td>&nbsp;<\/td>\n<td>S\u00e6ng<\/td>\n<td>3200<\/td>\n<td>&nbsp;<\/td>\n<\/tr>\n<tr>\n<td>N\u00e1ttbuxur\/skyrta<\/td>\n<td>680<\/td>\n<td>&nbsp;<\/td>\n<td>&nbsp;<\/td>\n<td>S\u00e6ng barna<\/td>\n<td>1750<\/td>\n<td>&nbsp;<\/td>\n<\/tr>\n<tr>\n<td>N\u00e1ttsloppur \u00feunnur<\/td>\n<td>1000<\/td>\n<td>11150<\/td>\n<td>&nbsp;<\/td>\n<td>Koddi<\/td>\n<td>1650<br><\/td>\n<td>&nbsp;<\/td>\n<\/tr>\n<tr>\n<td>N\u00e6rbuxur s\u00ed\u00f0ar<\/td>\n<td>300<\/td>\n<td>&nbsp;<\/td>\n<td>&nbsp;<\/td>\n<td>koddi barna<\/td>\n<td>725<\/td>\n<td>&nbsp;<\/td>\n<\/tr>\n<tr>\n<td>Brj\u00f3sthaldari<\/td>\n<td>280<\/td>\n<td>&nbsp;<\/td>\n<td>&nbsp;<\/td>\n<td>Svefnpoki<\/td>\n<td>3320<\/td>\n<td>&nbsp;<\/td>\n<\/tr>\n<tr>\n<td>Peysur<\/td>\n<td>1050<\/td>\n<td>1250<\/td>\n<td>&nbsp;<\/td>\n<td>R\u00famteppi pr. Kg.<\/td>\n<td>1870<\/td>\n<td>&nbsp;<\/td>\n<\/tr>\n<tr>\n<td>Peysur ull<\/td>\n<td>2500<\/td>\n<td>&nbsp;<\/td>\n<td>&nbsp;<\/td>\n<td>Teppi ull<\/td>\n<td>1870<\/td>\n<td>2900<\/td>\n<\/tr>\n<tr>\n<td>P\u00f3l\u00f3 bolir<\/td>\n<td>700<\/td>\n<td>&nbsp;<\/td>\n<td>&nbsp;<\/td>\n<td>Teppi \u00feunn<\/td>\n<td>780<\/td>\n<td>&nbsp;<\/td>\n<\/tr>\n<tr>\n<td>T bolir<\/td>\n<td>500<\/td>\n<td>&nbsp;<\/td>\n<td>&nbsp;<\/td>\n<td>P\u00edfu l\u00f6k<\/td>\n<td>3025<\/td>\n<td>4840<\/td>\n<\/tr>\n<tr>\n<td>N\u00e6rskyrtur<\/td>\n<td>340<\/td>\n<td>&nbsp;<\/td>\n<td>&nbsp;<\/td>\n<td colspan=\"3\"><b>D\u00fakar<\/b><\/td>\n<\/tr>\n<tr>\n<td>Undirkj\u00f3ll<\/td>\n<td>480<\/td>\n<td>&nbsp;<\/td>\n<td>&nbsp;<\/td>\n<td>Bor\u00f0d\u00fakar minnst 20 stk.<\/td>\n<td>600<\/td>\n<td>700<\/td>\n<\/tr>\n<tr>\n<td>Bolir me\u00f0 ermum<\/td>\n<td>715<\/td>\n<td>&nbsp;<\/td>\n<td>&nbsp;<\/td>\n<td>Serv\u00edettur<\/td>\n<td>215<\/td>\n<td>&nbsp;<\/td>\n<\/tr>\n<tr>\n<td colspan=\"3\"><b>Kokkatau<\/b><\/td>\n<td>&nbsp;<\/td>\n<td>Sparid\u00fakar pr. m. Bl\u00fandu<\/td>\n<td>1650<\/td>\n<td>&nbsp;<\/td>\n<\/tr>\n<tr>\n<td>Kokkajakkar<\/td>\n<td>800<\/td>\n<td>&nbsp;<\/td>\n<td>&nbsp;<\/td>\n<td>Sparid\u00fakar stk<\/td>\n<td>1520<\/td>\n<td>3800<\/td>\n<\/tr>\n<tr>\n<td>Sloppar<\/td>\n<td>800<\/td>\n<td>&nbsp;<\/td>\n<td>&nbsp;<\/td>\n<td>Sl\u00e9ttir d\u00fakar (metri)<\/td>\n<td>1250<\/td>\n<td>1500<\/td>\n<\/tr>\n<tr>\n<td>Svuntur (bl\u00fanda)<\/td>\n<td>300<\/td>\n<td>&nbsp;400<\/td>\n<td>&nbsp;<\/td>\n<td colspan=\"3\"><b>Gard\u00ednur<\/b><\/td>\n<\/tr>\n<tr>\n<td>Kokkah\u00fafur<\/td>\n<td>400<\/td>\n<td>&nbsp;<\/td>\n<td>&nbsp;<\/td>\n<td>Gard\u00ednur b\u00f3mull pr.kg.<\/td>\n<td>1900<\/td>\n<td>&nbsp;<\/td>\n<\/tr>\n<tr>\n<td colspan=\"3\"><b>\u00ddmislegt<\/b><\/td>\n<td>&nbsp;<\/td>\n<td>Gard\u00ednur rulla\u00f0ar pr.m.<\/td>\n<td>550<\/td>\n<td>1330<\/td>\n<\/tr>\n<tr>\n<td>Kj\u00f3lar<\/td>\n<td>1850<\/td>\n<td>3000<\/td>\n<td>&nbsp;<\/td>\n<td>Gard\u00ednur dralon pr. Kg.<\/td>\n<td>1890<\/td>\n<td>&nbsp;<\/td>\n<\/tr>\n<tr>\n<td>Sk\u00edrnarkj\u00f3ll<\/td>\n<td>3800<\/td>\n<td>4500<\/td>\n<td>&nbsp;<\/td>\n<td>St\u00f3rris\/ n\u00e6lon pr.kg.<\/td>\n<td>3750<\/td>\n<td>&nbsp;<\/td>\n<\/tr>\n<tr>\n<td>Samfestingur<\/td>\n<td>900<\/td>\n<td>1240<\/td>\n<td>&nbsp;<\/td>\n<td colspan=\"3\"><b>Sm\u00e1stykki<\/b><\/td>\n<\/tr>\n<tr>\n<td>Vinnugallar \u00feykkr f\u00f3\u00f0ra\u00f0ir<\/td>\n<td>2050<\/td>\n<td>1900<\/td>\n<td>&nbsp;<\/td>\n<td>Tuskur<\/td>\n<td>140<\/td>\n<td>190<\/td>\n<\/tr>\n<tr>\n<td>Rikkil\u00edn<\/td>\n<td>2150<\/td>\n<td>&nbsp;<\/td>\n<td>&nbsp;<\/td>\n<td>Vasakl\u00fatar<\/td>\n<td>192<\/td>\n<td>&nbsp;<\/td>\n<\/tr>\n<tr>\n<td>V\u00f6ggusett<\/td>\n<td>3900<\/td>\n<td>&nbsp;<\/td>\n<td>&nbsp;<\/td>\n<td>Diska\u00feurrkur<\/td>\n<td>190<\/td>\n<td>&nbsp;<\/td>\n<\/tr>\n<tr>\n<td>Vatt\u00falpa<\/td>\n<td>2500<\/td>\n<td>&nbsp;<\/td>\n<td>&nbsp;<\/td>\n<td>\u00feveglar<\/td>\n<td>230<\/td>\n<td>&nbsp;<\/td>\n<\/tr>\n<tr>\n<td>D\u00fan\u00falpa<\/td>\n<td>4500<\/td>\n<td>5000<\/td>\n<td>&nbsp;<\/td>\n<td>\u00fevottapokar<\/td>\n<td>180<\/td>\n<td>&nbsp;<\/td>\n<\/tr>\n<tr>\n<td>D\u00fan\u00falpa barna<\/td>\n<td>23500<\/td>\n<td>&nbsp;<\/td>\n<td>&nbsp;<\/td>\n<td colspan=\"3\"><b>Anna\u00f0<\/b><\/td>\n<\/tr>\n<tr>\n<td>Tannl\u00e6knasett<\/td>\n<td>1850<\/td>\n<td>&nbsp;<\/td>\n<td>&nbsp;<\/td>\n<td>1\/2 Akstur<\/td>\n<td>2070<\/td>\n<td>&nbsp;<\/td>\n<\/tr>\n<tr>\n<td>\u00cd\u00fer\u00f3ttagalli<\/td>\n<td>1510<\/td>\n<td>&nbsp;<\/td>\n<td>&nbsp;<\/td>\n<td>Akstur<\/td>\n<td>2070<\/td>\n<td>&nbsp;<\/td>\n<\/tr>\n<tr>\n<td colspan=\"3\"><b>Mottur<\/b><\/td>\n<td>&nbsp;<\/td>\n<td>Aukavinna blettir<\/td>\n<td>330<\/td>\n<td>&nbsp;<\/td>\n<\/tr>\n<tr>\n<td>Ba\u00f0mottur litlar<\/td>\n<td>565<\/td>\n<td>&nbsp;<\/td>\n<td>&nbsp;<\/td>\n<td>&nbsp;<\/td>\n<td>&nbsp;<\/td>\n<td>&nbsp;<\/td>\n<\/tr>\n<tr>\n<td>Mottur pr. Kg.<\/td>\n<td>1590<\/td>\n<td>&nbsp;<\/td>\n<td>&nbsp;<\/td>\n<td>&nbsp;<\/td>\n<td>&nbsp;<\/td>\n<td>&nbsp;<\/td>\n<\/tr>\n<tr>\n<td>\u00feveglar<\/td>\n<td>230<\/td>\n<td>&nbsp;<\/td>\n<td>&nbsp;<\/td>\n<td>&nbsp;<\/td>\n<td>&nbsp;<\/td>\n<td>&nbsp;<\/td>\n<\/tr>\n<tr>\n<td>Teppi<\/td>\n<td>1700<\/td>\n<td>&nbsp;<\/td>\n<td>&nbsp;<\/td>\n<td>&nbsp;<\/td>\n<td>&nbsp;<\/td>\n<td>&nbsp;<\/td>\n<\/tr>\n<\/tbody>\n<\/table>\n<p>9<\/p><\/div>\n\t\t\t\t<\/div>\n\t\t\t\t<\/div>\n\t\t\t\t\t\t<\/div>\n\t\t\t\t\t<\/div>\n\t\t<\/div>\n\t\t\t\t\t\t\t\t<\/div>\n\t\t\t\t\t<\/div>\n\t\t<\/section>\n\t\t\t\t\t\t<\/div>\n\t\t\t\t\t\t<\/div>\n\t\t\t\t\t<\/div>\n\t\t","protected":false},"excerpt":{"rendered":"<p>Ver\u00f0listi \u00e1 \u00fevotti \u00devottur ver\u00f0 1 ver\u00f0 2 &nbsp; \u00fevottur ver\u00f0 1 ver\u00f0 2 Skyrtur &nbsp; Heimilis\u00fevottur Vesti v\/Kj\u00f3lskyrtu 1500 &nbsp; &nbsp; Heimilis\u00fevottur 15+15 9200 &nbsp; Skyrta Her\u00f0atr\u00e9 650 &nbsp; &nbsp; Heimilis\u00fevottur 10+10 8100 &nbsp; Skyrta pakka\u00f0 650 &nbsp; &nbsp; Heimilis\u00fevottur 15 7100 &nbsp; Skyrta vinnu \u00feykk 700 &nbsp; &nbsp; St\u00f3r stykki umfram 30 stk &hellip;<\/p>\n<p class=\"read-more\"> <a class=\"\" href=\"http:\/\/dukar.is\/?page_id=305\"> <span class=\"screen-reader-text\">verdlisti thvottur<\/span> Read More &raquo;<\/a><\/p>\n","protected":false},"author":1,"featured_media":0,"parent":0,"menu_order":0,"comment_status":"closed","ping_status":"closed","template":"","meta":[],"_links":{"self":[{"href":"http:\/\/dukar.is\/index.php?rest_route=\/wp\/v2\/pages\/305"}],"collection":[{"href":"http:\/\/dukar.is\/index.php?rest_route=\/wp\/v2\/pages"}],"about":[{"href":"http:\/\/dukar.is\/index.php?rest_route=\/wp\/v2\/types\/page"}],"author":[{"embeddable":true,"href":"http:\/\/dukar.is\/index.php?rest_route=\/wp\/v2\/users\/1"}],"replies":[{"embeddable":true,"href":"http:\/\/dukar.is\/index.php?rest_route=%2Fwp%2Fv2%2Fcomments&post=305"}],"version-history":[{"count":14,"href":"http:\/\/dukar.is\/index.php?rest_route=\/wp\/v2\/pages\/305\/revisions"}],"predecessor-version":[{"id":389,"href":"http:\/\/dukar.is\/index.php?rest_route=\/wp\/v2\/pages\/305\/revisions\/389"}],"wp:attachment":[{"href":"http:\/\/dukar.is\/index.php?rest_route=%2Fwp%2Fv2%2Fmedia&parent=305"}],"curies":[{"name":"wp","href":"https:\/\/api.w.org\/{rel}","templated":true}]}}